{"id":29,"date":"2024-09-22T18:42:01","date_gmt":"2024-09-22T18:42:01","guid":{"rendered":"http:\/\/localhost:8888\/oxa_team\/?page_id=29"},"modified":"2024-09-28T09:59:16","modified_gmt":"2024-09-28T09:59:16","slug":"naslovna","status":"publish","type":"page","link":"https:\/\/mnkoxa.com\/","title":{"rendered":"Naslovna"},"content":{"rendered":"","protected":false},"excerpt":{"rendered":"","protected":false},"author":1,"featured_media":0,"parent":0,"menu_order":0,"comment_status":"closed","ping_status":"closed","template":"templates\/template-homepage.php","meta":{"footnotes":""},"class_list":["post-29","page","type-page","status-publish","hentry"],"yoast_head":"<!-- This site is optimized with the Yoast SEO plugin v26.3 - https:\/\/yoast.com\/wordpress\/plugins\/seo\/ -->\n<title>Naslovna - MNK OXA LUMER SHOP<\/title>\n<meta name=\"description\" content=\"Pratite najnovije vijesti i informacije o na\u0161em nogometnom klubu. Saznajte sve o igra\u010dima, utakmicama i klupskim doga\u0111anjima.\" \/>\n<meta name=\"robots\" content=\"index, follow, max-snippet:-1, max-image-preview:large, max-video-preview:-1\" \/>\n<link rel=\"canonical\" href=\"https:\/\/mnkoxa.com\/\" \/>\n<meta property=\"og:locale\" content=\"hr_HR\" \/>\n<meta property=\"og:type\" content=\"article\" \/>\n<meta property=\"og:title\" content=\"Naslovna - MNK OXA LUMER SHOP\" \/>\n<meta property=\"og:description\" content=\"Pratite najnovije vijesti i informacije o na\u0161em nogometnom klubu. Saznajte sve o igra\u010dima, utakmicama i klupskim doga\u0111anjima.\" \/>\n<meta property=\"og:url\" content=\"https:\/\/mnkoxa.com\/\" \/>\n<meta property=\"og:site_name\" content=\"MNK OXA LUMER SHOP\" \/>\n<meta property=\"article:modified_time\" content=\"2024-09-28T09:59:16+00:00\" \/>\n<meta name=\"twitter:card\" content=\"summary_large_image\" \/>\n<script type=\"application\/ld+json\" class=\"yoast-schema-graph\">{\"@context\":\"https:\/\/schema.org\",\"@graph\":[{\"@type\":\"WebPage\",\"@id\":\"https:\/\/mnkoxa.com\/\",\"url\":\"https:\/\/mnkoxa.com\/\",\"name\":\"Naslovna - MNK OXA LUMER SHOP\",\"isPartOf\":{\"@id\":\"https:\/\/mnkoxa.com\/#website\"},\"datePublished\":\"2024-09-22T18:42:01+00:00\",\"dateModified\":\"2024-09-28T09:59:16+00:00\",\"description\":\"Pratite najnovije vijesti i informacije o na\u0161em nogometnom klubu. Saznajte sve o igra\u010dima, utakmicama i klupskim doga\u0111anjima.\",\"breadcrumb\":{\"@id\":\"https:\/\/mnkoxa.com\/#breadcrumb\"},\"inLanguage\":\"hr\",\"potentialAction\":[{\"@type\":\"ReadAction\",\"target\":[\"https:\/\/mnkoxa.com\/\"]}]},{\"@type\":\"BreadcrumbList\",\"@id\":\"https:\/\/mnkoxa.com\/#breadcrumb\",\"itemListElement\":[{\"@type\":\"ListItem\",\"position\":1,\"name\":\"Home\",\"item\":\"https:\/\/mnkoxa.com\/\"},{\"@type\":\"ListItem\",\"position\":2,\"name\":\"Naslovna\"}]},{\"@type\":\"WebSite\",\"@id\":\"https:\/\/mnkoxa.com\/#website\",\"url\":\"https:\/\/mnkoxa.com\/\",\"name\":\"MNK OXA LUMER SHOP\",\"description\":\"\",\"publisher\":{\"@id\":\"https:\/\/mnkoxa.com\/#organization\"},\"potentialAction\":[{\"@type\":\"SearchAction\",\"target\":{\"@type\":\"EntryPoint\",\"urlTemplate\":\"https:\/\/mnkoxa.com\/?s={search_term_string}\"},\"query-input\":{\"@type\":\"PropertyValueSpecification\",\"valueRequired\":true,\"valueName\":\"search_term_string\"}}],\"inLanguage\":\"hr\"},{\"@type\":\"Organization\",\"@id\":\"https:\/\/mnkoxa.com\/#organization\",\"name\":\"MNK OXA LUMER SHOP\",\"url\":\"https:\/\/mnkoxa.com\/\",\"logo\":{\"@type\":\"ImageObject\",\"inLanguage\":\"hr\",\"@id\":\"https:\/\/mnkoxa.com\/#\/schema\/logo\/image\/\",\"url\":\"https:\/\/mnkoxa.com\/wp-content\/uploads\/2024\/09\/cropped-grb_oxa_zuti_1-removebg-preview.png\",\"contentUrl\":\"https:\/\/mnkoxa.com\/wp-content\/uploads\/2024\/09\/cropped-grb_oxa_zuti_1-removebg-preview.png\",\"width\":512,\"height\":512,\"caption\":\"MNK OXA LUMER SHOP\"},\"image\":{\"@id\":\"https:\/\/mnkoxa.com\/#\/schema\/logo\/image\/\"}}]}<\/script>\n<!-- \/ Yoast SEO plugin. -->","yoast_head_json":{"title":"Naslovna - MNK OXA LUMER SHOP","description":"Pratite najnovije vijesti i informacije o na\u0161em nogometnom klubu. Saznajte sve o igra\u010dima, utakmicama i klupskim doga\u0111anjima.","robots":{"index":"index","follow":"follow","max-snippet":"max-snippet:-1","max-image-preview":"max-image-preview:large","max-video-preview":"max-video-preview:-1"},"canonical":"https:\/\/mnkoxa.com\/","og_locale":"hr_HR","og_type":"article","og_title":"Naslovna - MNK OXA LUMER SHOP","og_description":"Pratite najnovije vijesti i informacije o na\u0161em nogometnom klubu. Saznajte sve o igra\u010dima, utakmicama i klupskim doga\u0111anjima.","og_url":"https:\/\/mnkoxa.com\/","og_site_name":"MNK OXA LUMER SHOP","article_modified_time":"2024-09-28T09:59:16+00:00","twitter_card":"summary_large_image","schema":{"@context":"https:\/\/schema.org","@graph":[{"@type":"WebPage","@id":"https:\/\/mnkoxa.com\/","url":"https:\/\/mnkoxa.com\/","name":"Naslovna - MNK OXA LUMER SHOP","isPartOf":{"@id":"https:\/\/mnkoxa.com\/#website"},"datePublished":"2024-09-22T18:42:01+00:00","dateModified":"2024-09-28T09:59:16+00:00","description":"Pratite najnovije vijesti i informacije o na\u0161em nogometnom klubu. Saznajte sve o igra\u010dima, utakmicama i klupskim doga\u0111anjima.","breadcrumb":{"@id":"https:\/\/mnkoxa.com\/#breadcrumb"},"inLanguage":"hr","potentialAction":[{"@type":"ReadAction","target":["https:\/\/mnkoxa.com\/"]}]},{"@type":"BreadcrumbList","@id":"https:\/\/mnkoxa.com\/#breadcrumb","itemListElement":[{"@type":"ListItem","position":1,"name":"Home","item":"https:\/\/mnkoxa.com\/"},{"@type":"ListItem","position":2,"name":"Naslovna"}]},{"@type":"WebSite","@id":"https:\/\/mnkoxa.com\/#website","url":"https:\/\/mnkoxa.com\/","name":"MNK OXA LUMER SHOP","description":"","publisher":{"@id":"https:\/\/mnkoxa.com\/#organization"},"potentialAction":[{"@type":"SearchAction","target":{"@type":"EntryPoint","urlTemplate":"https:\/\/mnkoxa.com\/?s={search_term_string}"},"query-input":{"@type":"PropertyValueSpecification","valueRequired":true,"valueName":"search_term_string"}}],"inLanguage":"hr"},{"@type":"Organization","@id":"https:\/\/mnkoxa.com\/#organization","name":"MNK OXA LUMER SHOP","url":"https:\/\/mnkoxa.com\/","logo":{"@type":"ImageObject","inLanguage":"hr","@id":"https:\/\/mnkoxa.com\/#\/schema\/logo\/image\/","url":"https:\/\/mnkoxa.com\/wp-content\/uploads\/2024\/09\/cropped-grb_oxa_zuti_1-removebg-preview.png","contentUrl":"https:\/\/mnkoxa.com\/wp-content\/uploads\/2024\/09\/cropped-grb_oxa_zuti_1-removebg-preview.png","width":512,"height":512,"caption":"MNK OXA LUMER SHOP"},"image":{"@id":"https:\/\/mnkoxa.com\/#\/schema\/logo\/image\/"}}]}},"_links":{"self":[{"href":"https:\/\/mnkoxa.com\/index.php?rest_route=\/wp\/v2\/pages\/29","targetHints":{"allow":["GET"]}}],"collection":[{"href":"https:\/\/mnkoxa.com\/index.php?rest_route=\/wp\/v2\/pages"}],"about":[{"href":"https:\/\/mnkoxa.com\/index.php?rest_route=\/wp\/v2\/types\/page"}],"author":[{"embeddable":true,"href":"https:\/\/mnkoxa.com\/index.php?rest_route=\/wp\/v2\/users\/1"}],"replies":[{"embeddable":true,"href":"https:\/\/mnkoxa.com\/index.php?rest_route=%2Fwp%2Fv2%2Fcomments&post=29"}],"version-history":[{"count":8,"href":"https:\/\/mnkoxa.com\/index.php?rest_route=\/wp\/v2\/pages\/29\/revisions"}],"predecessor-version":[{"id":135,"href":"https:\/\/mnkoxa.com\/index.php?rest_route=\/wp\/v2\/pages\/29\/revisions\/135"}],"wp:attachment":[{"href":"https:\/\/mnkoxa.com\/index.php?rest_route=%2Fwp%2Fv2%2Fmedia&parent=29"}],"curies":[{"name":"wp","href":"https:\/\/api.w.org\/{rel}","templated":true}]}}